{"id":92816,"date":"2023-08-23T20:56:17","date_gmt":"2023-08-23T18:56:17","guid":{"rendered":"https:\/\/rippler.media\/?page_id=92816"},"modified":"2024-05-15T17:08:37","modified_gmt":"2024-05-15T15:08:37","slug":"praktikumsknigge","status":"publish","type":"page","link":"https:\/\/rippler.media\/index.php\/praktikumsknigge\/","title":{"rendered":"Praktikumsknigge\u00ae"},"content":{"rendered":"<div class=\"wpb-content-wrapper\"><p>[vc_row][vc_column width=&#8220;1\/1&#8243;][vc_column_text uncode_shortcode_id=&#8220;732197&#8243;]<\/p>\n<h1>Praktikumsknigge\u00ae<\/h1>\n<ul class=\"c-book-evaluation-divider u-list-reset c-book-show-more-less c-book-show-more-less--collapsed\" data-test=\"unique-selling-points\">\n<li class=\"u-mb-8\">DAS <strong>Standardwerk<\/strong> der Praktikumsexperten zu ALLEN Fragen rund ums Praktikum <strong>seit 2003<\/strong><\/li>\n<li class=\"u-mb-8\"><strong>Konkurrenzlos umfassend und praxisorientiert<\/strong><\/li>\n<\/ul>\n<p><img decoding=\"async\" class=\"alignleft wp-image-92818 size-large\" src=\"https:\/\/rippler.media\/wp-content\/uploads\/2023\/08\/B0CBNWLHQZ_cbb7047b_cover.jpeg\" alt=\"\" width=\"50%\" srcset=\"https:\/\/rippler.media\/wp-content\/uploads\/2023\/08\/B0CBNWLHQZ_cbb7047b_cover.jpeg 827w, https:\/\/rippler.media\/wp-content\/uploads\/2023\/08\/B0CBNWLHQZ_cbb7047b_cover-212x300.jpeg 212w, https:\/\/rippler.media\/wp-content\/uploads\/2023\/08\/B0CBNWLHQZ_cbb7047b_cover-722x1024.jpeg 722w, https:\/\/rippler.media\/wp-content\/uploads\/2023\/08\/B0CBNWLHQZ_cbb7047b_cover-768x1089.jpeg 768w, https:\/\/rippler.media\/wp-content\/uploads\/2023\/08\/B0CBNWLHQZ_cbb7047b_cover-350x496.jpeg 350w\" sizes=\"(max-width: 827px) 100vw, 827px\" \/>Der <strong>Praktikumsknigge<\/strong> erkl\u00e4rt auf knapp 140 Seiten, wie Schulabg\u00e4nger, Studenten oder auch Absolventen ein Praktikum zum wirklichen Karrierebaustein machen. Von den Spielarten der Praktika (vor, w\u00e4hrend und nach dem Studium) und ihren teils gravierenden Auswirkungen auf Steuer, Versicherung, Arbeitsrecht und BAf\u00f6G bis zum richtigen Netzwerken nach dem Unternehmensbesuch. Der Praktikumsknigge beschreibt die Methoden intelligenter Stellensuche, zeigt, wie aus einem selbstkritischen Auftreten eine selbstbewusste Bewerbung wird. Daneben vermittelt er die klassischen \u201eKnigge\u201c-Regeln: Die Kollegen am ersten Tag duzen oder siezen? Aufmucken oder Akzeptieren? Kopieren ohne Ende oder das kl\u00e4rende Gespr\u00e4ch und eine sinnvolle Besch\u00e4ftigung suchen? Auf Dutzende solcher Fragen gibt der Praktikumsknigge Antworten.[\/vc_column_text][vc_column_text uncode_shortcode_id=&#8220;503149&#8243;]<\/p>\n<h2>Pressestimmen<\/h2>\n<p>\u201eAlle Themen sind nachvollziehbar aufgearbeitet, kleine grafische Elemente erleichtern die Navigation und das schnelle Nachschlagen.\u201c Karriere.de<\/p>\n<p>\u201eDer PraktikumsKnigge gibt Antworten auf viele Fragen, [.] bietet einen \u00dcberblick, macht Mut, und das zu einem g\u00fcnstigen Preis.\u201c<br \/>\nMitteldeutsche Zeitung<\/p>\n<p>&#8222;Pr\u00e4dikat: \u00c4u\u00dferst wertvoll&#8220; Recklingh\u00e4user Zeitung<\/p>\n<p>&#8222;Voll mit unfassbar viele, wirklich wertvollen Tipps (&#8230;)&#8220; N\u00fcrnberger Nachrichten<\/p>\n<h2>Autor*innen<\/h2>\n<p><b>Nadine Luck<\/b> ist Redakteurin mit Schwerpunkt auf Politik- und Wirtschaftsthemen, und\u00a0sie betreibt den Familienblog\u00a0&#8222;Mama und die Matschhose&#8220;. Als Buchautorin schreibt sie \u00fcber die Karriere und das Reisen. Als Studentin hat sie selbst Praktika in verschiedenen Medienh\u00e4usern absolviert, mal im Reise-, mal im Politikressort, heute achtet sie darauf, dass PraktikantInnen und Werkstudierende eine gute Ausbildung bekommen.<\/p>\n<p><b>Stefan Rippler<\/b> ist Bestseller-Autor, Berater, Gr\u00fcnder und Herausgeber mehrerer Karriere-B\u00fccher. Als Sch\u00fcler und Student war er Praktikant in mehreren Medienh\u00e4usern und engagierte sich als Gr\u00fcnder der Initiative &#8222;Generation Praktikum\u201c f\u00fcr Praktika-Qualit\u00e4tsinitiativen und die Einf\u00fchrung des Mindestlohns f\u00fcr Praktikanten.[\/vc_column_text][vc_button button_color=&#8220;color-149363&#8243; border_width=&#8220;0&#8243; link=&#8220;url:https%3A%2F%2Fwww.springer.com%2Fde%2Freviewers|target:_blank&#8220; button_color_type=&#8220;uncode-palette&#8220; uncode_shortcode_id=&#8220;133261&#8243;]Rezensionsexemplar bestellen[\/vc_button][vc_button button_color=&#8220;color-149363&#8243; border_width=&#8220;0&#8243; link=&#8220;url:https%3A%2F%2Frippler.media%2Fwp-content%2Fuploads%2F2023%2F08%2FRippler_978-3-658-42318-6_GLS_Exception_Deblik_A5_SC_Bauer-Thomas-3.pdf|target:_blank&#8220; button_color_type=&#8220;uncode-palette&#8220; uncode_shortcode_id=&#8220;139213&#8243;]Cover downloaden (hochaufl\u00f6send)[\/vc_button][vc_button button_color=&#8220;accent&#8220; border_width=&#8220;0&#8243; link=&#8220;url:https%3A%2F%2Flink.springer.com%2Fbook%2F10.1007%2F978-3-658-42319-3|target:_blank&#8220; button_color_type=&#8220;uncode-palette&#8220; uncode_shortcode_id=&#8220;125120&#8243;]Praktikumsknigge bestellen[\/vc_button][vc_column_text uncode_shortcode_id=&#8220;202480&#8243;]Praktikumsknigge ist eine eingetragene Marke der Rippler Media GmbH[\/vc_column_text][\/vc_column][\/vc_row]<\/p>\n<\/div>","protected":false},"excerpt":{"rendered":"<p>[vc_row][vc_column width=&#8220;1\/1&#8243;][vc_column_text uncode_shortcode_id=&#8220;732197&#8243;] Praktikumsknigge\u00ae DAS Standardwerk der Praktikumsexperten zu ALLEN Fragen rund ums Praktikum seit 2003 Konkurrenzlos umfassend und praxisorientiert [&hellip;]<\/p>\n","protected":false},"author":1,"featured_media":0,"parent":0,"menu_order":0,"comment_status":"closed","ping_status":"open","template":"","meta":{"footnotes":""},"class_list":["post-92816","page","type-page","status-publish","hentry"],"yoast_head":"<!-- This site is optimized with the Yoast SEO plugin v27.2 - https:\/\/yoast.com\/product\/yoast-seo-wordpress\/ -->\n<title>Praktikumsknigge\u00ae - rippler.media<\/title>\n<meta name=\"robots\" content=\"index, follow, max-snippet:-1, max-image-preview:large, max-video-preview:-1\" \/>\n<link rel=\"canonical\" href=\"https:\/\/rippler.media\/index.php\/praktikumsknigge\/\" \/>\n<meta property=\"og:locale\" content=\"de_DE\" \/>\n<meta property=\"og:type\" content=\"article\" \/>\n<meta property=\"og:title\" content=\"Praktikumsknigge\u00ae - rippler.media\" \/>\n<meta property=\"og:description\" content=\"[vc_row][vc_column width=&#8220;1\/1&#8243;][vc_column_text uncode_shortcode_id=&#8220;732197&#8243;] Praktikumsknigge\u00ae DAS Standardwerk der Praktikumsexperten zu ALLEN Fragen rund ums Praktikum seit 2003 Konkurrenzlos umfassend und praxisorientiert [&hellip;]\" \/>\n<meta property=\"og:url\" content=\"https:\/\/rippler.media\/index.php\/praktikumsknigge\/\" \/>\n<meta property=\"og:site_name\" content=\"rippler.media\" \/>\n<meta property=\"article:modified_time\" content=\"2024-05-15T15:08:37+00:00\" \/>\n<meta property=\"og:image\" content=\"https:\/\/rippler.media\/wp-content\/uploads\/2023\/08\/B0CBNWLHQZ_cbb7047b_cover.jpeg\" \/>\n<meta name=\"twitter:card\" content=\"summary_large_image\" \/>\n<meta name=\"twitter:label1\" content=\"Gesch\u00e4tzte Lesezeit\" \/>\n\t<meta name=\"twitter:data1\" content=\"2\u00a0Minuten\" \/>\n<script type=\"application\/ld+json\" class=\"yoast-schema-graph\">{\"@context\":\"https:\/\/schema.org\",\"@graph\":[{\"@type\":\"WebPage\",\"@id\":\"https:\/\/rippler.media\/index.php\/praktikumsknigge\/\",\"url\":\"https:\/\/rippler.media\/index.php\/praktikumsknigge\/\",\"name\":\"Praktikumsknigge\u00ae - rippler.media\",\"isPartOf\":{\"@id\":\"https:\/\/rippler.media\/#website\"},\"primaryImageOfPage\":{\"@id\":\"https:\/\/rippler.media\/index.php\/praktikumsknigge\/#primaryimage\"},\"image\":{\"@id\":\"https:\/\/rippler.media\/index.php\/praktikumsknigge\/#primaryimage\"},\"thumbnailUrl\":\"https:\/\/rippler.media\/wp-content\/uploads\/2023\/08\/B0CBNWLHQZ_cbb7047b_cover.jpeg\",\"datePublished\":\"2023-08-23T18:56:17+00:00\",\"dateModified\":\"2024-05-15T15:08:37+00:00\",\"breadcrumb\":{\"@id\":\"https:\/\/rippler.media\/index.php\/praktikumsknigge\/#breadcrumb\"},\"inLanguage\":\"de\",\"potentialAction\":[{\"@type\":\"ReadAction\",\"target\":[\"https:\/\/rippler.media\/index.php\/praktikumsknigge\/\"]}]},{\"@type\":\"ImageObject\",\"inLanguage\":\"de\",\"@id\":\"https:\/\/rippler.media\/index.php\/praktikumsknigge\/#primaryimage\",\"url\":\"https:\/\/rippler.media\/wp-content\/uploads\/2023\/08\/B0CBNWLHQZ_cbb7047b_cover.jpeg\",\"contentUrl\":\"https:\/\/rippler.media\/wp-content\/uploads\/2023\/08\/B0CBNWLHQZ_cbb7047b_cover.jpeg\",\"width\":827,\"height\":1173},{\"@type\":\"BreadcrumbList\",\"@id\":\"https:\/\/rippler.media\/index.php\/praktikumsknigge\/#breadcrumb\",\"itemListElement\":[{\"@type\":\"ListItem\",\"position\":1,\"name\":\"Home\",\"item\":\"https:\/\/rippler.media\/\"},{\"@type\":\"ListItem\",\"position\":2,\"name\":\"Praktikumsknigge\u00ae\"}]},{\"@type\":\"WebSite\",\"@id\":\"https:\/\/rippler.media\/#website\",\"url\":\"https:\/\/rippler.media\/\",\"name\":\"rippler.media\",\"description\":\"Data-Storytelling. Beratung. Produkte. Content.\",\"publisher\":{\"@id\":\"https:\/\/rippler.media\/#organization\"},\"potentialAction\":[{\"@type\":\"SearchAction\",\"target\":{\"@type\":\"EntryPoint\",\"urlTemplate\":\"https:\/\/rippler.media\/?s={search_term_string}\"},\"query-input\":{\"@type\":\"PropertyValueSpecification\",\"valueRequired\":true,\"valueName\":\"search_term_string\"}}],\"inLanguage\":\"de\"},{\"@type\":\"Organization\",\"@id\":\"https:\/\/rippler.media\/#organization\",\"name\":\"rippler.media\",\"url\":\"https:\/\/rippler.media\/\",\"logo\":{\"@type\":\"ImageObject\",\"inLanguage\":\"de\",\"@id\":\"https:\/\/rippler.media\/#\/schema\/logo\/image\/\",\"url\":\"https:\/\/rippler.media\/wp-content\/uploads\/2022\/10\/cropped-favicon-1.png\",\"contentUrl\":\"https:\/\/rippler.media\/wp-content\/uploads\/2022\/10\/cropped-favicon-1.png\",\"width\":512,\"height\":512,\"caption\":\"rippler.media\"},\"image\":{\"@id\":\"https:\/\/rippler.media\/#\/schema\/logo\/image\/\"},\"sameAs\":[\"https:\/\/www.linkedin.com\/company\/rippler-media\/\"]}]}<\/script>\n<!-- \/ Yoast SEO plugin. -->","yoast_head_json":{"title":"Praktikumsknigge\u00ae - rippler.media","robots":{"index":"index","follow":"follow","max-snippet":"max-snippet:-1","max-image-preview":"max-image-preview:large","max-video-preview":"max-video-preview:-1"},"canonical":"https:\/\/rippler.media\/index.php\/praktikumsknigge\/","og_locale":"de_DE","og_type":"article","og_title":"Praktikumsknigge\u00ae - rippler.media","og_description":"[vc_row][vc_column width=&#8220;1\/1&#8243;][vc_column_text uncode_shortcode_id=&#8220;732197&#8243;] Praktikumsknigge\u00ae DAS Standardwerk der Praktikumsexperten zu ALLEN Fragen rund ums Praktikum seit 2003 Konkurrenzlos umfassend und praxisorientiert [&hellip;]","og_url":"https:\/\/rippler.media\/index.php\/praktikumsknigge\/","og_site_name":"rippler.media","article_modified_time":"2024-05-15T15:08:37+00:00","og_image":[{"url":"https:\/\/rippler.media\/wp-content\/uploads\/2023\/08\/B0CBNWLHQZ_cbb7047b_cover.jpeg","type":"","width":"","height":""}],"twitter_card":"summary_large_image","twitter_misc":{"Gesch\u00e4tzte Lesezeit":"2\u00a0Minuten"},"schema":{"@context":"https:\/\/schema.org","@graph":[{"@type":"WebPage","@id":"https:\/\/rippler.media\/index.php\/praktikumsknigge\/","url":"https:\/\/rippler.media\/index.php\/praktikumsknigge\/","name":"Praktikumsknigge\u00ae - rippler.media","isPartOf":{"@id":"https:\/\/rippler.media\/#website"},"primaryImageOfPage":{"@id":"https:\/\/rippler.media\/index.php\/praktikumsknigge\/#primaryimage"},"image":{"@id":"https:\/\/rippler.media\/index.php\/praktikumsknigge\/#primaryimage"},"thumbnailUrl":"https:\/\/rippler.media\/wp-content\/uploads\/2023\/08\/B0CBNWLHQZ_cbb7047b_cover.jpeg","datePublished":"2023-08-23T18:56:17+00:00","dateModified":"2024-05-15T15:08:37+00:00","breadcrumb":{"@id":"https:\/\/rippler.media\/index.php\/praktikumsknigge\/#breadcrumb"},"inLanguage":"de","potentialAction":[{"@type":"ReadAction","target":["https:\/\/rippler.media\/index.php\/praktikumsknigge\/"]}]},{"@type":"ImageObject","inLanguage":"de","@id":"https:\/\/rippler.media\/index.php\/praktikumsknigge\/#primaryimage","url":"https:\/\/rippler.media\/wp-content\/uploads\/2023\/08\/B0CBNWLHQZ_cbb7047b_cover.jpeg","contentUrl":"https:\/\/rippler.media\/wp-content\/uploads\/2023\/08\/B0CBNWLHQZ_cbb7047b_cover.jpeg","width":827,"height":1173},{"@type":"BreadcrumbList","@id":"https:\/\/rippler.media\/index.php\/praktikumsknigge\/#breadcrumb","itemListElement":[{"@type":"ListItem","position":1,"name":"Home","item":"https:\/\/rippler.media\/"},{"@type":"ListItem","position":2,"name":"Praktikumsknigge\u00ae"}]},{"@type":"WebSite","@id":"https:\/\/rippler.media\/#website","url":"https:\/\/rippler.media\/","name":"rippler.media","description":"Data-Storytelling. Beratung. Produkte. Content.","publisher":{"@id":"https:\/\/rippler.media\/#organization"},"potentialAction":[{"@type":"SearchAction","target":{"@type":"EntryPoint","urlTemplate":"https:\/\/rippler.media\/?s={search_term_string}"},"query-input":{"@type":"PropertyValueSpecification","valueRequired":true,"valueName":"search_term_string"}}],"inLanguage":"de"},{"@type":"Organization","@id":"https:\/\/rippler.media\/#organization","name":"rippler.media","url":"https:\/\/rippler.media\/","logo":{"@type":"ImageObject","inLanguage":"de","@id":"https:\/\/rippler.media\/#\/schema\/logo\/image\/","url":"https:\/\/rippler.media\/wp-content\/uploads\/2022\/10\/cropped-favicon-1.png","contentUrl":"https:\/\/rippler.media\/wp-content\/uploads\/2022\/10\/cropped-favicon-1.png","width":512,"height":512,"caption":"rippler.media"},"image":{"@id":"https:\/\/rippler.media\/#\/schema\/logo\/image\/"},"sameAs":["https:\/\/www.linkedin.com\/company\/rippler-media\/"]}]}},"_links":{"self":[{"href":"https:\/\/rippler.media\/index.php\/wp-json\/wp\/v2\/pages\/92816","targetHints":{"allow":["GET"]}}],"collection":[{"href":"https:\/\/rippler.media\/index.php\/wp-json\/wp\/v2\/pages"}],"about":[{"href":"https:\/\/rippler.media\/index.php\/wp-json\/wp\/v2\/types\/page"}],"author":[{"embeddable":true,"href":"https:\/\/rippler.media\/index.php\/wp-json\/wp\/v2\/users\/1"}],"replies":[{"embeddable":true,"href":"https:\/\/rippler.media\/index.php\/wp-json\/wp\/v2\/comments?post=92816"}],"version-history":[{"count":6,"href":"https:\/\/rippler.media\/index.php\/wp-json\/wp\/v2\/pages\/92816\/revisions"}],"predecessor-version":[{"id":92845,"href":"https:\/\/rippler.media\/index.php\/wp-json\/wp\/v2\/pages\/92816\/revisions\/92845"}],"wp:attachment":[{"href":"https:\/\/rippler.media\/index.php\/wp-json\/wp\/v2\/media?parent=92816"}],"curies":[{"name":"wp","href":"https:\/\/api.w.org\/{rel}","templated":true}]}}